{"id":104,"date":"2024-10-01T15:39:25","date_gmt":"2024-10-01T13:39:25","guid":{"rendered":"https:\/\/terrazzasugenova.com\/?page_id=104"},"modified":"2024-10-03T16:44:26","modified_gmt":"2024-10-03T14:44:26","slug":"la-location","status":"publish","type":"page","link":"https:\/\/terrazzasugenova.com\/?page_id=104","title":{"rendered":"La Location"},"content":{"rendered":"\n<div style=\"height:50px\" aria-hidden=\"true\" class=\"wp-block-spacer\"><\/div>\n\n\n\n<div class=\"wp-block-group alignwide has-global-padding is-layout-constrained wp-block-group-is-layout-constrained\">\n<h2 class=\"wp-block-heading has-text-align-center\">La Location<\/h2>\n\n\n\n<div style=\"height:30px\" aria-hidden=\"true\" class=\"wp-block-spacer\"><\/div>\n\n\n\n<div class=\"wp-block-group alignwide is-content-justification-center is-nowrap is-layout-flex wp-container-core-group-is-layout-23441af8 wp-block-group-is-layout-flex\">\n<p class=\"has-text-align-center\">Terrazza su Genova \u00e8 in una posizione fantastica, il sestiere di S.Teodoro \u00e8 uno dei sei antichi quartieri in cui era divisa la citt\u00e0 di Genova.<br>Oggi questa zona trova ai propri poli opposti la Lanterna, il simbolo di Genova, facilmente raggiungibile tramite la \u201cpasseggiata della Lanterna\u201d e Palazzo del principe, una delle principali ville storiche di Genova. <\/p>\n<\/div>\n<\/div>\n\n\n\n<div class=\"wp-block-columns alignwide are-vertically-aligned-center is-layout-flex wp-container-core-columns-is-layout-28f84493 wp-block-columns-is-layout-flex\">\n<div class=\"wp-block-column is-vertically-aligned-center has-global-padding is-layout-constrained wp-block-column-is-layout-constrained\" style=\"flex-basis:60%\">\n<div style=\"height:15px;width:0px\" aria-hidden=\"true\" class=\"wp-block-spacer\"><\/div>\n\n\n\n<p class=\"has-text-align-center\">Il quartiere \u00e8 molto ben collegato sia con la stazione principale della citt\u00e0 Genova Piazza Principe (una fermata di metro) che con l\u2019autostrada, a 5 minuti di macchina. Il terminal traghetti \u00e8 a 5 minuti di macchina.<\/p>\n\n\n\n<p class=\"has-text-align-center\"> L\u2019acquario di Genova \u00e8 a 10 minuti dall\u2019appartamento ed \u00e8 facilmente raggiungibile con una passeggiata lungo la Darsena e il Porto Antico, zone in cui ci sono molti ristoranti e locali.<\/p>\n\n\n\n<p class=\"has-text-align-center has-small-font-size\">Sotto casa sono presenti tutti i servizi necessari: supermercato, panificio, farmacia, tabacchino, mercato.<br>Nella piazza sottostante, a 100 metri dal portone del palazzo, \u00e8 presente la fermata della metropolitana, dei taxi, dei bus. Nella piazza ci sono anche molti posti auto gratuiti.<\/p>\n<\/div>\n\n\n\n<div class=\"wp-block-column is-vertically-aligned-center is-layout-flow wp-block-column-is-layout-flow\" style=\"flex-basis:72%\">\n<div style=\"height:25px\" aria-hidden=\"true\" class=\"wp-block-spacer\"><\/div>\n\n\n\t\t<div\n            id=\"wpmapblock_ef7a0766\"\n            data-settings='{&quot;map_marker&quot;:[{&quot;id&quot;:&quot;0&quot;,&quot;lat&quot;:&quot;44.4143023&quot;,&quot;lng&quot;:&quot;8.9089981&quot;,&quot;title&quot;:&quot;Terrazza su Genova&quot;,&quot;content&quot;:&quot;Terrazza su Genova&quot;,&quot;iconType&quot;:&quot;custom&quot;,&quot;customIconUrl&quot;:&quot;https:\\\/\\\/terrazzasugenova.com\\\/wp-content\\\/uploads\\\/2024\\\/09\\\/LOGO_2024-removebg-preview-edited-1.png&quot;,&quot;customIconWidth&quot;:&quot;40&quot;,&quot;customIconHeight&quot;:&quot;40&quot;}],&quot;map_zoom&quot;:&quot;14&quot;,&quot;scroll_wheel_zoom&quot;:false,&quot;map_type&quot;:&quot;GM&quot;,&quot;center_index&quot;:0}'\n            class=\"wpmapblockrender\"\n            style=\"\n\t\t\twidth: 100%;\n\t\t\theight: 500px;\n\t\t\"\n            >\n        <\/div>\n        <\/div>\n<\/div>\n\n\n\n<div style=\"height:18px\" aria-hidden=\"true\" class=\"wp-block-spacer\"><\/div>\n\n\n\n<div class=\"wp-block-buttons is-content-justification-center is-layout-flex wp-container-core-buttons-is-layout-a89b3969 wp-block-buttons-is-layout-flex\">\n<div class=\"wp-block-button is-style-fill\"><a class=\"wp-block-button__link has-background has-text-align-center wp-element-button\" href=\"https:\/\/terrazzasugenova.com\/?page_id=105\" style=\"border-style:none;border-width:0px;background-color:#2419f8\" target=\"_blank\" rel=\"noreferrer noopener\">Contattaci<\/a><\/div>\n<\/div>\n","protected":false},"excerpt":{"rendered":"<p>La Location Terrazza su Genova \u00e8 in una posizione fantastica, il sestiere di S.Teodoro \u00e8 uno dei sei antichi quartieri in cui era divisa la citt\u00e0 di Genova.Oggi questa zona trova ai propri poli opposti la Lanterna, il simbolo di Genova, facilmente raggiungibile tramite la \u201cpasseggiata della Lanterna\u201d e Palazzo del principe, una delle principali [&hellip;]<\/p>\n","protected":false},"author":1,"featured_media":0,"parent":0,"menu_order":0,"comment_status":"closed","ping_status":"closed","template":"page-no-title","meta":{"_joinchat":[],"footnotes":""},"class_list":["post-104","page","type-page","status-publish","hentry"],"yoast_head":"<!-- This site is optimized with the Yoast SEO plugin v27.4 - https:\/\/yoast.com\/product\/yoast-seo-wordpress\/ -->\n<title>La Location - Terrazza su Genova<\/title>\n<meta name=\"robots\" content=\"index, follow, max-snippet:-1, max-image-preview:large, max-video-preview:-1\" \/>\n<link rel=\"canonical\" href=\"https:\/\/terrazzasugenova.com\/?page_id=104\" \/>\n<meta property=\"og:locale\" content=\"it_IT\" \/>\n<meta property=\"og:type\" content=\"article\" \/>\n<meta property=\"og:title\" content=\"La Location - Terrazza su Genova\" \/>\n<meta property=\"og:description\" content=\"La Location Terrazza su Genova \u00e8 in una posizione fantastica, il sestiere di S.Teodoro \u00e8 uno dei sei antichi quartieri in cui era divisa la citt\u00e0 di Genova.Oggi questa zona trova ai propri poli opposti la Lanterna, il simbolo di Genova, facilmente raggiungibile tramite la \u201cpasseggiata della Lanterna\u201d e Palazzo del principe, una delle principali [&hellip;]\" \/>\n<meta property=\"og:url\" content=\"https:\/\/terrazzasugenova.com\/?page_id=104\" \/>\n<meta property=\"og:site_name\" content=\"Terrazza su Genova\" \/>\n<meta property=\"article:modified_time\" content=\"2024-10-03T14:44:26+00:00\" \/>\n<meta name=\"twitter:card\" content=\"summary_large_image\" \/>\n<meta name=\"twitter:label1\" content=\"Tempo di lettura stimato\" \/>\n\t<meta name=\"twitter:data1\" content=\"1 minuto\" \/>\n<script type=\"application\/ld+json\" class=\"yoast-schema-graph\">{\"@context\":\"https:\\\/\\\/schema.org\",\"@graph\":[{\"@type\":\"WebPage\",\"@id\":\"https:\\\/\\\/terrazzasugenova.com\\\/?page_id=104\",\"url\":\"https:\\\/\\\/terrazzasugenova.com\\\/?page_id=104\",\"name\":\"La Location - Terrazza su Genova\",\"isPartOf\":{\"@id\":\"https:\\\/\\\/terrazzasugenova.com\\\/#website\"},\"datePublished\":\"2024-10-01T13:39:25+00:00\",\"dateModified\":\"2024-10-03T14:44:26+00:00\",\"breadcrumb\":{\"@id\":\"https:\\\/\\\/terrazzasugenova.com\\\/?page_id=104#breadcrumb\"},\"inLanguage\":\"it-IT\",\"potentialAction\":[{\"@type\":\"ReadAction\",\"target\":[\"https:\\\/\\\/terrazzasugenova.com\\\/?page_id=104\"]}]},{\"@type\":\"BreadcrumbList\",\"@id\":\"https:\\\/\\\/terrazzasugenova.com\\\/?page_id=104#breadcrumb\",\"itemListElement\":[{\"@type\":\"ListItem\",\"position\":1,\"name\":\"Home\",\"item\":\"https:\\\/\\\/terrazzasugenova.com\\\/\"},{\"@type\":\"ListItem\",\"position\":2,\"name\":\"La Location\"}]},{\"@type\":\"WebSite\",\"@id\":\"https:\\\/\\\/terrazzasugenova.com\\\/#website\",\"url\":\"https:\\\/\\\/terrazzasugenova.com\\\/\",\"name\":\"Terrazza su Genova\",\"description\":\"\",\"publisher\":{\"@id\":\"https:\\\/\\\/terrazzasugenova.com\\\/#organization\"},\"potentialAction\":[{\"@type\":\"SearchAction\",\"target\":{\"@type\":\"EntryPoint\",\"urlTemplate\":\"https:\\\/\\\/terrazzasugenova.com\\\/?s={search_term_string}\"},\"query-input\":{\"@type\":\"PropertyValueSpecification\",\"valueRequired\":true,\"valueName\":\"search_term_string\"}}],\"inLanguage\":\"it-IT\"},{\"@type\":\"Organization\",\"@id\":\"https:\\\/\\\/terrazzasugenova.com\\\/#organization\",\"name\":\"Terrazza su Genova\",\"url\":\"https:\\\/\\\/terrazzasugenova.com\\\/\",\"logo\":{\"@type\":\"ImageObject\",\"inLanguage\":\"it-IT\",\"@id\":\"https:\\\/\\\/terrazzasugenova.com\\\/#\\\/schema\\\/logo\\\/image\\\/\",\"url\":\"https:\\\/\\\/terrazzasugenova.com\\\/wp-content\\\/uploads\\\/2024\\\/09\\\/LOGO_2024-removebg-preview-edited-1.png\",\"contentUrl\":\"https:\\\/\\\/terrazzasugenova.com\\\/wp-content\\\/uploads\\\/2024\\\/09\\\/LOGO_2024-removebg-preview-edited-1.png\",\"width\":413,\"height\":413,\"caption\":\"Terrazza su Genova\"},\"image\":{\"@id\":\"https:\\\/\\\/terrazzasugenova.com\\\/#\\\/schema\\\/logo\\\/image\\\/\"},\"sameAs\":[\"https:\\\/\\\/www.instagram.com\\\/terrazza_su_genova\\\/\"]}]}<\/script>\n<!-- \/ Yoast SEO plugin. -->","yoast_head_json":{"title":"La Location - Terrazza su Genova","robots":{"index":"index","follow":"follow","max-snippet":"max-snippet:-1","max-image-preview":"max-image-preview:large","max-video-preview":"max-video-preview:-1"},"canonical":"https:\/\/terrazzasugenova.com\/?page_id=104","og_locale":"it_IT","og_type":"article","og_title":"La Location - Terrazza su Genova","og_description":"La Location Terrazza su Genova \u00e8 in una posizione fantastica, il sestiere di S.Teodoro \u00e8 uno dei sei antichi quartieri in cui era divisa la citt\u00e0 di Genova.Oggi questa zona trova ai propri poli opposti la Lanterna, il simbolo di Genova, facilmente raggiungibile tramite la \u201cpasseggiata della Lanterna\u201d e Palazzo del principe, una delle principali [&hellip;]","og_url":"https:\/\/terrazzasugenova.com\/?page_id=104","og_site_name":"Terrazza su Genova","article_modified_time":"2024-10-03T14:44:26+00:00","twitter_card":"summary_large_image","twitter_misc":{"Tempo di lettura stimato":"1 minuto"},"schema":{"@context":"https:\/\/schema.org","@graph":[{"@type":"WebPage","@id":"https:\/\/terrazzasugenova.com\/?page_id=104","url":"https:\/\/terrazzasugenova.com\/?page_id=104","name":"La Location - Terrazza su Genova","isPartOf":{"@id":"https:\/\/terrazzasugenova.com\/#website"},"datePublished":"2024-10-01T13:39:25+00:00","dateModified":"2024-10-03T14:44:26+00:00","breadcrumb":{"@id":"https:\/\/terrazzasugenova.com\/?page_id=104#breadcrumb"},"inLanguage":"it-IT","potentialAction":[{"@type":"ReadAction","target":["https:\/\/terrazzasugenova.com\/?page_id=104"]}]},{"@type":"BreadcrumbList","@id":"https:\/\/terrazzasugenova.com\/?page_id=104#breadcrumb","itemListElement":[{"@type":"ListItem","position":1,"name":"Home","item":"https:\/\/terrazzasugenova.com\/"},{"@type":"ListItem","position":2,"name":"La Location"}]},{"@type":"WebSite","@id":"https:\/\/terrazzasugenova.com\/#website","url":"https:\/\/terrazzasugenova.com\/","name":"Terrazza su Genova","description":"","publisher":{"@id":"https:\/\/terrazzasugenova.com\/#organization"},"potentialAction":[{"@type":"SearchAction","target":{"@type":"EntryPoint","urlTemplate":"https:\/\/terrazzasugenova.com\/?s={search_term_string}"},"query-input":{"@type":"PropertyValueSpecification","valueRequired":true,"valueName":"search_term_string"}}],"inLanguage":"it-IT"},{"@type":"Organization","@id":"https:\/\/terrazzasugenova.com\/#organization","name":"Terrazza su Genova","url":"https:\/\/terrazzasugenova.com\/","logo":{"@type":"ImageObject","inLanguage":"it-IT","@id":"https:\/\/terrazzasugenova.com\/#\/schema\/logo\/image\/","url":"https:\/\/terrazzasugenova.com\/wp-content\/uploads\/2024\/09\/LOGO_2024-removebg-preview-edited-1.png","contentUrl":"https:\/\/terrazzasugenova.com\/wp-content\/uploads\/2024\/09\/LOGO_2024-removebg-preview-edited-1.png","width":413,"height":413,"caption":"Terrazza su Genova"},"image":{"@id":"https:\/\/terrazzasugenova.com\/#\/schema\/logo\/image\/"},"sameAs":["https:\/\/www.instagram.com\/terrazza_su_genova\/"]}]}},"jetpack_sharing_enabled":true,"_links":{"self":[{"href":"https:\/\/terrazzasugenova.com\/index.php?rest_route=\/wp\/v2\/pages\/104","targetHints":{"allow":["GET"]}}],"collection":[{"href":"https:\/\/terrazzasugenova.com\/index.php?rest_route=\/wp\/v2\/pages"}],"about":[{"href":"https:\/\/terrazzasugenova.com\/index.php?rest_route=\/wp\/v2\/types\/page"}],"author":[{"embeddable":true,"href":"https:\/\/terrazzasugenova.com\/index.php?rest_route=\/wp\/v2\/users\/1"}],"replies":[{"embeddable":true,"href":"https:\/\/terrazzasugenova.com\/index.php?rest_route=%2Fwp%2Fv2%2Fcomments&post=104"}],"version-history":[{"count":17,"href":"https:\/\/terrazzasugenova.com\/index.php?rest_route=\/wp\/v2\/pages\/104\/revisions"}],"predecessor-version":[{"id":599,"href":"https:\/\/terrazzasugenova.com\/index.php?rest_route=\/wp\/v2\/pages\/104\/revisions\/599"}],"wp:attachment":[{"href":"https:\/\/terrazzasugenova.com\/index.php?rest_route=%2Fwp%2Fv2%2Fmedia&parent=104"}],"curies":[{"name":"wp","href":"https:\/\/api.w.org\/{rel}","templated":true}]}}